{"id":1123,"date":"2025-10-11T17:11:55","date_gmt":"2025-10-11T22:11:55","guid":{"rendered":"https:\/\/ingridypatrick.host\/?page_id=1123"},"modified":"2025-10-24T12:34:57","modified_gmt":"2025-10-24T17:34:57","slug":"alojamiento-medellin","status":"publish","type":"page","link":"https:\/\/ingridypatrick.host\/fr\/alojamiento-medellin\/","title":{"rendered":"Alojamiento Medell\u00edn"},"content":{"rendered":"<div data-elementor-type=\"wp-page\" data-elementor-id=\"1123\" class=\"elementor elementor-1123\">\n\t\t\t\t<div class=\"elementor-element elementor-element-ebfb1c3 e-flex e-con-boxed e-con e-parent\" data-id=\"ebfb1c3\" data-element_type=\"container\" data-e-type=\"container\">\n\t\t\t\t\t<div class=\"e-con-inner\">\n\t\t\t\t<div class=\"elementor-element elementor-element-184fddb elementor-widget elementor-widget-button\" data-id=\"184fddb\" data-element_type=\"widget\" data-e-type=\"widget\" data-widget_type=\"button.default\">\n\t\t\t\t<div class=\"elementor-widget-container\">\n\t\t\t\t\t\t\t\t\t<div class=\"elementor-button-wrapper\">\n\t\t\t\t\t<a class=\"elementor-button elementor-button-link elementor-size-sm\" href=\"https:\/\/ingridypatrick.host\/fr\/\">\n\t\t\t\t\t\t<span class=\"elementor-button-content-wrapper\">\n\t\t\t\t\t\t\t\t\t<span class=\"elementor-button-text\">Retour \u00e0 la page principale<\/span>\n\t\t\t\t\t<\/span>\n\t\t\t\t\t<\/a>\n\t\t\t\t<\/div>\n\t\t\t\t\t\t\t\t<\/div>\n\t\t\t\t<\/div>\n\t\t\t\t\t<\/div>\n\t\t\t\t<\/div>\n\t\t<div class=\"elementor-element elementor-element-795c4d5 e-flex e-con-boxed e-con e-parent\" data-id=\"795c4d5\" data-element_type=\"container\" data-e-type=\"container\">\n\t\t\t\t\t<div class=\"e-con-inner\">\n\t\t\t\t<div class=\"elementor-element elementor-element-224bdfc elementor-widget elementor-widget-heading\" data-id=\"224bdfc\" data-element_type=\"widget\" data-e-type=\"widget\" data-widget_type=\"heading.default\">\n\t\t\t\t<div class=\"elementor-widget-container\">\n\t\t\t\t\t<h2 class=\"elementor-heading-title elementor-size-default\">Recommandations pour des logements \u00e0 Medell\u00edn<\/h2>\t\t\t\t<\/div>\n\t\t\t\t<\/div>\n\t\t\t\t<div class=\"elementor-element elementor-element-f1d87f7 elementor-widget elementor-widget-text-editor\" data-id=\"f1d87f7\" data-element_type=\"widget\" data-e-type=\"widget\" data-widget_type=\"text-editor.default\">\n\t\t\t\t<div class=\"elementor-widget-container\">\n\t\t\t\t\t\t\t\t\t<p>Ci-apr\u00e8s, quelques options de logement \u00e0 Medell\u00edn, pour les jours pr\u00e9c\u00e9dant le mariage, lequel aura lieu le 16 d\u00e9cembre \u00e0 1h30 de Medell\u00edn.<\/p>\t\t\t\t\t\t\t\t<\/div>\n\t\t\t\t<\/div>\n\t\t\t\t\t<\/div>\n\t\t\t\t<\/div>\n\t\t<div class=\"elementor-element elementor-element-988c959 e-flex e-con-boxed e-con e-parent\" data-id=\"988c959\" data-element_type=\"container\" data-e-type=\"container\">\n\t\t\t\t\t<div class=\"e-con-inner\">\n\t\t\t\t<div class=\"elementor-element elementor-element-5a0a40f elementor-position-top elementor-widget elementor-widget-image-box\" data-id=\"5a0a40f\" data-element_type=\"widget\" data-e-type=\"widget\" data-widget_type=\"image-box.default\">\n\t\t\t\t<div class=\"elementor-widget-container\">\n\t\t\t\t\t<div class=\"elementor-image-box-wrapper\"><figure class=\"elementor-image-box-img\"><a href=\"https:\/\/www.tripadvisor.co\/Hotel_Review-g297478-d14059002-Reviews-Hotel_Novotel_Medellin_El_Tesoro-Medellin_Antioquia_Department.html\" tabindex=\"-1\"><img decoding=\"async\" src=\"https:\/\/dynamic-media-cdn.tripadvisor.com\/media\/photo-o\/1c\/c0\/96\/cf\/hotel-novotel-medellin.jpg?w=1000&#038;h=-1&#038;s=1\" title=\"\" alt=\"\" loading=\"lazy\" \/><\/a><\/figure><div class=\"elementor-image-box-content\"><h3 class=\"elementor-image-box-title\"><a href=\"https:\/\/www.tripadvisor.co\/Hotel_Review-g297478-d14059002-Reviews-Hotel_Novotel_Medellin_El_Tesoro-Medellin_Antioquia_Department.html\">Novotel Medellin El Tesoro<\/a><\/h3><p class=\"elementor-image-box-description\">\u00c0 10 mn de taxi des quartiers anim\u00e9s, assez recul\u00e9 pour ne pas en subir le bruit et surtout, attenant au centre commercial le plus agr\u00e9able de la ville.<strong>&nbsp;<\/strong><\/p><\/div><\/div>\t\t\t\t<\/div>\n\t\t\t\t<\/div>\n\t\t\t\t<div class=\"elementor-element elementor-element-d82c0a2 elementor-widget elementor-widget-text-editor\" data-id=\"d82c0a2\" data-element_type=\"widget\" data-e-type=\"widget\" data-widget_type=\"text-editor.default\">\n\t\t\t\t<div class=\"elementor-widget-container\">\n\t\t\t\t\t\t\t\t\t<p><strong style=\"font-size: 16px;\">Prix n\u00e9goci\u00e9<\/strong><span style=\"font-size: 16px;\">: entre US$130 et US$260 par nuit<\/span><\/p><p><strong>Contact <\/strong><a href=\"https:\/\/wa.link\/u13ha8\">Marcos Fidel Lopez<\/a><\/p>\t\t\t\t\t\t\t\t<\/div>\n\t\t\t\t<\/div>\n\t\t\t\t<div class=\"elementor-element elementor-element-1623ca7 elementor-widget elementor-widget-button\" data-id=\"1623ca7\" data-element_type=\"widget\" data-e-type=\"widget\" data-widget_type=\"button.default\">\n\t\t\t\t<div class=\"elementor-widget-container\">\n\t\t\t\t\t\t\t\t\t<div class=\"elementor-button-wrapper\">\n\t\t\t\t\t<a class=\"elementor-button elementor-button-link elementor-size-sm\" href=\"https:\/\/drive.google.com\/file\/d\/1IKtpwb39gYKV-h-TppRVIIbEKjI9ri-d\/view?usp=sharing\">\n\t\t\t\t\t\t<span class=\"elementor-button-content-wrapper\">\n\t\t\t\t\t\t\t\t\t<span class=\"elementor-button-text\">T\u00e9l\u00e9charger les conditions n\u00e9goci\u00e9es<\/span>\n\t\t\t\t\t<\/span>\n\t\t\t\t\t<\/a>\n\t\t\t\t<\/div>\n\t\t\t\t\t\t\t\t<\/div>\n\t\t\t\t<\/div>\n\t\t\t\t<div class=\"elementor-element elementor-element-d18f340 elementor-position-top elementor-widget elementor-widget-image-box\" data-id=\"d18f340\" data-element_type=\"widget\" data-e-type=\"widget\" data-widget_type=\"image-box.default\">\n\t\t\t\t<div class=\"elementor-widget-container\">\n\t\t\t\t\t<div class=\"elementor-image-box-wrapper\"><figure class=\"elementor-image-box-img\"><a href=\"https:\/\/www.tripadvisor.co\/Hotel_Review-g297478-d12827339-Reviews-City_Express_Plus_By_Marriott_Medellin_Colombia-Medellin_Antioquia_Department.html\" tabindex=\"-1\"><img decoding=\"async\" src=\"https:\/\/cache.marriott.com\/is\/image\/marriotts7prod\/xe-mdepm-mdepm-guest-room-17232-67287:Pano-Hor?wid=1920&#038;fit=constrain\" title=\"\" alt=\"\" loading=\"lazy\" \/><\/a><\/figure><div class=\"elementor-image-box-content\"><h3 class=\"elementor-image-box-title\"><a href=\"https:\/\/www.tripadvisor.co\/Hotel_Review-g297478-d12827339-Reviews-City_Express_Plus_By_Marriott_Medellin_Colombia-Medellin_Antioquia_Department.html\">City Express Plus by Marriott Medell\u00edn Colombia<\/a><\/h3><p class=\"elementor-image-box-description\">Bonne localisation, sur l'avenue El Poblado<\/p><\/div><\/div>\t\t\t\t<\/div>\n\t\t\t\t<\/div>\n\t\t\t\t<div class=\"elementor-element elementor-element-f448888 elementor-widget elementor-widget-text-editor\" data-id=\"f448888\" data-element_type=\"widget\" data-e-type=\"widget\" data-widget_type=\"text-editor.default\">\n\t\t\t\t<div class=\"elementor-widget-container\">\n\t\t\t\t\t\t\t\t\t<p><strong style=\"font-size: 16px;\">Prix n\u00e9goci\u00e9<\/strong><span style=\"font-size: 16px;\">: entre US$130 et US$260 par nuit<\/span><\/p><p><strong>Contact <\/strong><a href=\"mailto:\/\/cpmed.recepcion@norte19.com\">Andr\u00e9s Felipe Arenas<\/a><\/p>\t\t\t\t\t\t\t\t<\/div>\n\t\t\t\t<\/div>\n\t\t\t\t<div class=\"elementor-element elementor-element-a5466be elementor-position-top elementor-widget elementor-widget-image-box\" data-id=\"a5466be\" data-element_type=\"widget\" data-e-type=\"widget\" data-widget_type=\"image-box.default\">\n\t\t\t\t<div class=\"elementor-widget-container\">\n\t\t\t\t\t<div class=\"elementor-image-box-wrapper\"><figure class=\"elementor-image-box-img\"><a href=\"https:\/\/www.tripadvisor.co\/Hotel_Review-g297478-d17334031-Reviews-The_Click_Clack_Hotel_Medellin-Medellin_Antioquia_Department.html\" tabindex=\"-1\"><img decoding=\"async\" src=\"https:\/\/dynamic-media-cdn.tripadvisor.com\/media\/photo-o\/1b\/db\/00\/b2\/the-click-clack-hotel.jpg?w=900&#038;h=500&#038;s=1\" title=\"\" alt=\"\" loading=\"lazy\" \/><\/a><\/figure><div class=\"elementor-image-box-content\"><h3 class=\"elementor-image-box-title\"><a href=\"https:\/\/www.tripadvisor.co\/Hotel_Review-g297478-d17334031-Reviews-The_Click_Clack_Hotel_Medellin-Medellin_Antioquia_Department.html\">The Click Clack Hotel Medell\u00edn<\/a><\/h3><p class=\"elementor-image-box-description\">Option plus \"trendy\"<\/p><\/div><\/div>\t\t\t\t<\/div>\n\t\t\t\t<\/div>\n\t\t\t\t<div class=\"elementor-element elementor-element-e646488 elementor-widget elementor-widget-text-editor\" data-id=\"e646488\" data-element_type=\"widget\" data-e-type=\"widget\" data-widget_type=\"text-editor.default\">\n\t\t\t\t<div class=\"elementor-widget-container\">\n\t\t\t\t\t\t\t\t\t<p><strong style=\"font-size: 16px;\">Prix n\u00e9goci\u00e9<\/strong><span style=\"font-size: 16px;\">: contactez-nous si vous \u00eates int\u00e9ress\u00e9s par cet h\u00f4tel<\/span><\/p>\t\t\t\t\t\t\t\t<\/div>\n\t\t\t\t<\/div>\n\t\t\t\t\t<\/div>\n\t\t\t\t<\/div>\n\t\t\t\t<\/div>","protected":false},"excerpt":{"rendered":"<p>Volver a la p\u00e1gina principal Opciones de alojamiento en Medell\u00edn Les proponemos las opciones siguientes para alojarse en Medell\u00edn en los d\u00edas previos al matrimonio, el cual ocurrir\u00e1 a 1h30 de Medell\u00edn el 16 de diciembre 2025 Novotel Medellin El Tesoro A 10 minutos de taxi de los barrios animados de Medell\u00edn y al lado [&hellip;]<\/p>\n","protected":false},"author":1,"featured_media":0,"parent":0,"menu_order":0,"comment_status":"closed","ping_status":"closed","template":"elementor_canvas","meta":{"content-type":"","site-sidebar-layout":"no-sidebar","site-content-layout":"page-builder","ast-site-content-layout":"full-width-container","site-content-style":"default","site-sidebar-style":"default","ast-global-header-display":"","ast-banner-title-visibility":"","ast-main-header-display":"","ast-hfb-above-header-display":"","ast-hfb-below-header-display":"","ast-hfb-mobile-header-display":"","site-post-title":"disabled","ast-breadcrumbs-content":"","ast-featured-img":"disabled","footer-sml-layout":"","ast-disable-related-posts":"","theme-transparent-header-meta":"","adv-header-id-meta":"","stick-header-meta":"","header-above-stick-meta":"","header-main-stick-meta":"","header-below-stick-meta":"","astra-migrate-meta-layouts":"default","ast-page-background-enabled":"default","ast-page-background-meta":{"desktop":{"background-color":"","background-image":"","background-repeat":"repeat","background-position":"center center","background-size":"auto","background-attachment":"scroll","background-type":"","background-media":"","overlay-type":"","overlay-color":"","overlay-opacity":"","overlay-gradient":""},"tablet":{"background-color":"","background-image":"","background-repeat":"repeat","background-position":"center center","background-size":"auto","background-attachment":"scroll","background-type":"","background-media":"","overlay-type":"","overlay-color":"","overlay-opacity":"","overlay-gradient":""},"mobile":{"background-color":"","background-image":"","background-repeat":"repeat","background-position":"center center","background-size":"auto","background-attachment":"scroll","background-type":"","background-media":"","overlay-type":"","overlay-color":"","overlay-opacity":"","overlay-gradient":""}},"ast-content-background-meta":{"desktop":{"background-color":"var(--ast-global-color-5)","background-image":"","background-repeat":"repeat","background-position":"center center","background-size":"auto","background-attachment":"scroll","background-type":"","background-media":"","overlay-type":"","overlay-color":"","overlay-opacity":"","overlay-gradient":""},"tablet":{"background-color":"var(--ast-global-color-5)","background-image":"","background-repeat":"repeat","background-position":"center center","background-size":"auto","background-attachment":"scroll","background-type":"","background-media":"","overlay-type":"","overlay-color":"","overlay-opacity":"","overlay-gradient":""},"mobile":{"background-color":"var(--ast-global-color-5)","background-image":"","background-repeat":"repeat","background-position":"center center","background-size":"auto","background-attachment":"scroll","background-type":"","background-media":"","overlay-type":"","overlay-color":"","overlay-opacity":"","overlay-gradient":""}},"footnotes":""},"class_list":["post-1123","page","type-page","status-publish","hentry"],"_links":{"self":[{"href":"https:\/\/ingridypatrick.host\/fr\/wp-json\/wp\/v2\/pages\/1123","targetHints":{"allow":["GET"]}}],"collection":[{"href":"https:\/\/ingridypatrick.host\/fr\/wp-json\/wp\/v2\/pages"}],"about":[{"href":"https:\/\/ingridypatrick.host\/fr\/wp-json\/wp\/v2\/types\/page"}],"author":[{"embeddable":true,"href":"https:\/\/ingridypatrick.host\/fr\/wp-json\/wp\/v2\/users\/1"}],"replies":[{"embeddable":true,"href":"https:\/\/ingridypatrick.host\/fr\/wp-json\/wp\/v2\/comments?post=1123"}],"version-history":[{"count":13,"href":"https:\/\/ingridypatrick.host\/fr\/wp-json\/wp\/v2\/pages\/1123\/revisions"}],"predecessor-version":[{"id":1149,"href":"https:\/\/ingridypatrick.host\/fr\/wp-json\/wp\/v2\/pages\/1123\/revisions\/1149"}],"wp:attachment":[{"href":"https:\/\/ingridypatrick.host\/fr\/wp-json\/wp\/v2\/media?parent=1123"}],"curies":[{"name":"wp","href":"https:\/\/api.w.org\/{rel}","templated":true}]}}