{"id":1089,"date":"2025-10-11T13:10:56","date_gmt":"2025-10-11T18:10:56","guid":{"rendered":"https:\/\/ingridypatrick.host\/?page_id=1089"},"modified":"2025-10-11T13:15:14","modified_gmt":"2025-10-11T18:15:14","slug":"codigo-de-vestimenta","status":"publish","type":"page","link":"https:\/\/ingridypatrick.host\/fr\/home\/codigo-de-vestimenta\/","title":{"rendered":"Codigo de vestimenta"},"content":{"rendered":"<div data-elementor-type=\"wp-page\" data-elementor-id=\"1089\" class=\"elementor elementor-1089\">\n\t\t\t\t<div class=\"elementor-element elementor-element-decd73f e-flex e-con-boxed e-con e-parent\" data-id=\"decd73f\" data-element_type=\"container\" data-e-type=\"container\">\n\t\t\t\t\t<div class=\"e-con-inner\">\n\t\t\t\t<div class=\"elementor-element elementor-element-7c6f42b elementor-widget elementor-widget-button\" data-id=\"7c6f42b\" data-element_type=\"widget\" data-e-type=\"widget\" data-widget_type=\"button.default\">\n\t\t\t\t<div class=\"elementor-widget-container\">\n\t\t\t\t\t\t\t\t\t<div class=\"elementor-button-wrapper\">\n\t\t\t\t\t<a class=\"elementor-button elementor-button-link elementor-size-sm\" href=\"https:\/\/ingridypatrick.host\/fr\/\">\n\t\t\t\t\t\t<span class=\"elementor-button-content-wrapper\">\n\t\t\t\t\t\t\t\t\t<span class=\"elementor-button-text\">Retour \u00e0 la page principale<\/span>\n\t\t\t\t\t<\/span>\n\t\t\t\t\t<\/a>\n\t\t\t\t<\/div>\n\t\t\t\t\t\t\t\t<\/div>\n\t\t\t\t<\/div>\n\t\t\t\t\t<\/div>\n\t\t\t\t<\/div>\n\t\t<div class=\"elementor-element elementor-element-1123a70 e-flex e-con-boxed e-con e-parent\" data-id=\"1123a70\" data-element_type=\"container\" data-e-type=\"container\">\n\t\t\t\t\t<div class=\"e-con-inner\">\n\t\t\t\t<div class=\"elementor-element elementor-element-022834a elementor-widget elementor-widget-heading\" data-id=\"022834a\" data-element_type=\"widget\" data-e-type=\"widget\" data-widget_type=\"heading.default\">\n\t\t\t\t<div class=\"elementor-widget-container\">\n\t\t\t\t\t<h2 class=\"elementor-heading-title elementor-size-default\">Dress code<\/h2>\t\t\t\t<\/div>\n\t\t\t\t<\/div>\n\t\t\t\t\t<\/div>\n\t\t\t\t<\/div>\n\t\t<div class=\"elementor-element elementor-element-a4d8182 e-flex e-con-boxed e-con e-parent\" data-id=\"a4d8182\" data-element_type=\"container\" data-e-type=\"container\">\n\t\t\t\t\t<div class=\"e-con-inner\">\n\t\t\t\t<div class=\"elementor-element elementor-element-eab1d97 elementor-widget elementor-widget-text-editor\" data-id=\"eab1d97\" data-element_type=\"widget\" data-e-type=\"widget\" data-widget_type=\"text-editor.default\">\n\t\t\t\t<div class=\"elementor-widget-container\">\n\t\t\t\t\t\t\t\t\t<div class=\"gmail_default\">Nous voulons que tu vives notre mariage avec la m\u00eame joie et fra\u00eecheur avec lesquelles nous l'avons r\u00eav\u00e9.<\/div><p dir=\"ltr\">\u00c0 Sopetr\u00e1n, il peut faire chaud. Voici nos recommandations pour pouvoir profiter au maximum\u00a0<img decoding=\"async\" class=\"an1\" draggable=\"false\" src=\"https:\/\/fonts.gstatic.com\/s\/e\/notoemoji\/16.0\/1f31e\/32.png\" alt=\"\ud83c\udf1e\" data-emoji=\"\ud83c\udf1e\" aria-label=\"\ud83c\udf1e\" \/><img decoding=\"async\" class=\"an1\" draggable=\"false\" src=\"https:\/\/fonts.gstatic.com\/s\/e\/notoemoji\/16.0\/2728\/32.png\" alt=\"\u2728\" data-emoji=\"\u2728\" aria-label=\"\u2728\" \/><\/p>\t\t\t\t\t\t\t\t<\/div>\n\t\t\t\t<\/div>\n\t\t\t\t\t<\/div>\n\t\t\t\t<\/div>\n\t\t<div class=\"elementor-element elementor-element-3fcef83 e-flex e-con-boxed e-con e-parent\" data-id=\"3fcef83\" data-element_type=\"container\" data-e-type=\"container\">\n\t\t\t\t\t<div class=\"e-con-inner\">\n\t\t\t\t<div class=\"elementor-element elementor-element-1a51284 elementor-widget elementor-widget-heading\" data-id=\"1a51284\" data-element_type=\"widget\" data-e-type=\"widget\" data-widget_type=\"heading.default\">\n\t\t\t\t<div class=\"elementor-widget-container\">\n\t\t\t\t\t<h3 class=\"elementor-heading-title elementor-size-default\">\ud83d\udc57 Elles<\/h3>\t\t\t\t<\/div>\n\t\t\t\t<\/div>\n\t\t\t\t<div class=\"elementor-element elementor-element-1256028 elementor-position-top elementor-widget elementor-widget-image-box\" data-id=\"1256028\" data-element_type=\"widget\" data-e-type=\"widget\" data-widget_type=\"image-box.default\">\n\t\t\t\t<div class=\"elementor-widget-container\">\n\t\t\t\t\t<div class=\"elementor-image-box-wrapper\"><figure class=\"elementor-image-box-img\"><img fetchpriority=\"high\" decoding=\"async\" width=\"1020\" height=\"800\" src=\"https:\/\/ingridypatrick.host\/wp-content\/uploads\/2025\/10\/Ellas-1020.jpg\" class=\"attachment-large size-large wp-image-1095\" alt=\"\" srcset=\"https:\/\/ingridypatrick.host\/wp-content\/uploads\/2025\/10\/Ellas-1020.jpg 1020w, https:\/\/ingridypatrick.host\/wp-content\/uploads\/2025\/10\/Ellas-1020-300x235.jpg 300w, https:\/\/ingridypatrick.host\/wp-content\/uploads\/2025\/10\/Ellas-1020-768x602.jpg 768w, https:\/\/ingridypatrick.host\/wp-content\/uploads\/2025\/10\/Ellas-1020-15x12.jpg 15w\" sizes=\"(max-width: 1020px) 100vw, 1020px\" \/><\/figure><div class=\"elementor-image-box-content\"><p class=\"elementor-image-box-description\">Choisis des robes fra\u00eeches et l\u00e9g\u00e8res, en tissus fluides (lin, soie, gaze ou coton).\n\nCouleurs douces ou florales : pense aux tons pastel et aux couleurs unies. \u00c9vite le blanc, le rouge et le noir, ainsi que les imprim\u00e9s floraux trop voyants. Voici une palette de couleurs si tu ne sais pas trop la quelle choisir, ainsi que quelques exemples. Le mod\u00e8le sera celui qui te convient le mieux, nous voulons que tu sois \u00e0 l\u2019aise et que tu te sentes belle.\n\n<\/p><\/div><\/div>\t\t\t\t<\/div>\n\t\t\t\t<\/div>\n\t\t\t\t<div class=\"elementor-element elementor-element-be8fe92 elementor-widget elementor-widget-heading\" data-id=\"be8fe92\" data-element_type=\"widget\" data-e-type=\"widget\" data-widget_type=\"heading.default\">\n\t\t\t\t<div class=\"elementor-widget-container\">\n\t\t\t\t\t<h3 class=\"elementor-heading-title elementor-size-default\">\ud83e\udd35 Eux<\/h3>\t\t\t\t<\/div>\n\t\t\t\t<\/div>\n\t\t\t\t<div class=\"elementor-element elementor-element-715a4c5 elementor-position-top elementor-widget elementor-widget-image-box\" data-id=\"715a4c5\" data-element_type=\"widget\" data-e-type=\"widget\" data-widget_type=\"image-box.default\">\n\t\t\t\t<div class=\"elementor-widget-container\">\n\t\t\t\t\t<div class=\"elementor-image-box-wrapper\"><figure class=\"elementor-image-box-img\"><img decoding=\"async\" width=\"1020\" height=\"930\" src=\"https:\/\/ingridypatrick.host\/wp-content\/uploads\/2025\/10\/Ellos-1020.jpg\" class=\"attachment-large size-large wp-image-1096\" alt=\"\" srcset=\"https:\/\/ingridypatrick.host\/wp-content\/uploads\/2025\/10\/Ellos-1020.jpg 1020w, https:\/\/ingridypatrick.host\/wp-content\/uploads\/2025\/10\/Ellos-1020-300x274.jpg 300w, https:\/\/ingridypatrick.host\/wp-content\/uploads\/2025\/10\/Ellos-1020-768x700.jpg 768w, https:\/\/ingridypatrick.host\/wp-content\/uploads\/2025\/10\/Ellos-1020-13x12.jpg 13w\" sizes=\"(max-width: 1020px) 100vw, 1020px\" \/><\/figure><div class=\"elementor-image-box-content\"><p class=\"elementor-image-box-description\">Le climat chaud appelle des v\u00eatements frais mais avec style : lin, coton ou m\u00e9langes l\u00e9gers.\n\nChemise blanche ou de tons clairs, pantalon et blazer dans des tons gris, bleus, verts ou beige.\n\nLa cravate n'est pas n\u00e9cessaire si tu ne le souhaites pas; nous voulons te voir \u00e0 l'aise et authentique.\n<\/p><\/div><\/div>\t\t\t\t<\/div>\n\t\t\t\t<\/div>\n\t\t\t\t\t<\/div>\n\t\t\t\t<\/div>\n\t\t\t\t<\/div>","protected":false},"excerpt":{"rendered":"<p>Volver a la p\u00e1gina principal C\u00f3digo de vestimenta formal\u200b Queremos que vivas nuestra boda con la misma alegr\u00eda y frescura con la que la so\u00f1amos. Sopetr\u00e1n nos regalar\u00e1 su sol dorado, sus monta\u00f1as y un atardecer inolvidable, as\u00ed que aqu\u00ed te dejamos algunas sugerencias para disfrutarlo al m\u00e1ximo\u00a0 \ud83d\udc57 Ellas Opta por vestidos frescos y [&hellip;]<\/p>\n","protected":false},"author":1,"featured_media":0,"parent":909,"menu_order":0,"comment_status":"closed","ping_status":"closed","template":"elementor_canvas","meta":{"content-type":"","site-sidebar-layout":"no-sidebar","site-content-layout":"page-builder","ast-site-content-layout":"full-width-container","site-content-style":"unboxed","site-sidebar-style":"unboxed","ast-global-header-display":"","ast-banner-title-visibility":"","ast-main-header-display":"","ast-hfb-above-header-display":"","ast-hfb-below-header-display":"","ast-hfb-mobile-header-display":"","site-post-title":"disabled","ast-breadcrumbs-content":"","ast-featured-img":"disabled","footer-sml-layout":"","ast-disable-related-posts":"","theme-transparent-header-meta":"","adv-header-id-meta":"","stick-header-meta":"","header-above-stick-meta":"","header-main-stick-meta":"","header-below-stick-meta":"","astra-migrate-meta-layouts":"set","ast-page-background-enabled":"default","ast-page-background-meta":{"desktop":{"background-color":"","background-image":"","background-repeat":"repeat","background-position":"center center","background-size":"auto","background-attachment":"scroll","background-type":"","background-media":"","overlay-type":"","overlay-color":"","overlay-opacity":"","overlay-gradient":""},"tablet":{"background-color":"","background-image":"","background-repeat":"repeat","background-position":"center center","background-size":"auto","background-attachment":"scroll","background-type":"","background-media":"","overlay-type":"","overlay-color":"","overlay-opacity":"","overlay-gradient":""},"mobile":{"background-color":"","background-image":"","background-repeat":"repeat","background-position":"center center","background-size":"auto","background-attachment":"scroll","background-type":"","background-media":"","overlay-type":"","overlay-color":"","overlay-opacity":"","overlay-gradient":""}},"ast-content-background-meta":{"desktop":{"background-color":"var(--ast-global-color-5)","background-image":"","background-repeat":"repeat","background-position":"center center","background-size":"auto","background-attachment":"scroll","background-type":"","background-media":"","overlay-type":"","overlay-color":"","overlay-opacity":"","overlay-gradient":""},"tablet":{"background-color":"var(--ast-global-color-5)","background-image":"","background-repeat":"repeat","background-position":"center center","background-size":"auto","background-attachment":"scroll","background-type":"","background-media":"","overlay-type":"","overlay-color":"","overlay-opacity":"","overlay-gradient":""},"mobile":{"background-color":"var(--ast-global-color-5)","background-image":"","background-repeat":"repeat","background-position":"center center","background-size":"auto","background-attachment":"scroll","background-type":"","background-media":"","overlay-type":"","overlay-color":"","overlay-opacity":"","overlay-gradient":""}},"footnotes":""},"class_list":["post-1089","page","type-page","status-publish","hentry"],"_links":{"self":[{"href":"https:\/\/ingridypatrick.host\/fr\/wp-json\/wp\/v2\/pages\/1089","targetHints":{"allow":["GET"]}}],"collection":[{"href":"https:\/\/ingridypatrick.host\/fr\/wp-json\/wp\/v2\/pages"}],"about":[{"href":"https:\/\/ingridypatrick.host\/fr\/wp-json\/wp\/v2\/types\/page"}],"author":[{"embeddable":true,"href":"https:\/\/ingridypatrick.host\/fr\/wp-json\/wp\/v2\/users\/1"}],"replies":[{"embeddable":true,"href":"https:\/\/ingridypatrick.host\/fr\/wp-json\/wp\/v2\/comments?post=1089"}],"version-history":[{"count":15,"href":"https:\/\/ingridypatrick.host\/fr\/wp-json\/wp\/v2\/pages\/1089\/revisions"}],"predecessor-version":[{"id":1122,"href":"https:\/\/ingridypatrick.host\/fr\/wp-json\/wp\/v2\/pages\/1089\/revisions\/1122"}],"up":[{"embeddable":true,"href":"https:\/\/ingridypatrick.host\/fr\/wp-json\/wp\/v2\/pages\/909"}],"wp:attachment":[{"href":"https:\/\/ingridypatrick.host\/fr\/wp-json\/wp\/v2\/media?parent=1089"}],"curies":[{"name":"wp","href":"https:\/\/api.w.org\/{rel}","templated":true}]}}